{"id":2781,"date":"2019-12-09T09:21:23","date_gmt":"2019-12-09T09:21:23","guid":{"rendered":"https:\/\/sempravancar.pt\/servicos\/"},"modified":"2021-07-13T09:27:37","modified_gmt":"2021-07-13T09:27:37","slug":"telecommunications-services-and-electrical","status":"publish","type":"page","link":"https:\/\/sempravancar.pt\/en\/telecommunications-services-and-electrical\/","title":{"rendered":"Services"},"content":{"rendered":"","protected":false},"excerpt":{"rendered":"","protected":false},"author":1,"featured_media":0,"parent":0,"menu_order":0,"comment_status":"closed","ping_status":"closed","template":"template-servicos.php","meta":[],"yoast_head":"<!-- This site is optimized with the Yoast SEO plugin v19.10 - https:\/\/yoast.com\/wordpress\/plugins\/seo\/ -->\n<title>Telecommunications services and Electrical - Services - Sempravan\u00e7ar<\/title>\n<meta name=\"description\" content=\"Learn more about our telecommunications and electrical services. We guarantee quality services with specialized electricians!\" \/>\n<meta name=\"robots\" content=\"index, follow, max-snippet:-1, max-image-preview:large, max-video-preview:-1\" \/>\n<link rel=\"canonical\" href=\"https:\/\/sempravancar.pt\/en\/telecommunications-services-and-electrical\/\" \/>\n<meta property=\"og:locale\" content=\"en_US\" \/>\n<meta property=\"og:type\" content=\"article\" \/>\n<meta property=\"og:title\" content=\"Telecommunications services and Electrical - Services - Sempravan\u00e7ar\" \/>\n<meta property=\"og:description\" content=\"Learn more about our telecommunications and electrical services. We guarantee quality services with specialized electricians!\" \/>\n<meta property=\"og:url\" content=\"https:\/\/sempravancar.pt\/en\/telecommunications-services-and-electrical\/\" \/>\n<meta property=\"og:site_name\" content=\"Sempre Avan\u00e7ar\" \/>\n<meta property=\"article:modified_time\" content=\"2021-07-13T09:27:37+00:00\" \/>\n<meta name=\"twitter:card\" content=\"summary_large_image\" \/>\n<script type=\"application\/ld+json\" class=\"yoast-schema-graph\">{\"@context\":\"https:\/\/schema.org\",\"@graph\":[{\"@type\":\"WebPage\",\"@id\":\"https:\/\/sempravancar.pt\/en\/telecommunications-services-and-electrical\/\",\"url\":\"https:\/\/sempravancar.pt\/en\/telecommunications-services-and-electrical\/\",\"name\":\"Telecommunications services and Electrical - Services - Sempravan\u00e7ar\",\"isPartOf\":{\"@id\":\"https:\/\/sempravancar.pt\/#website\"},\"datePublished\":\"2019-12-09T09:21:23+00:00\",\"dateModified\":\"2021-07-13T09:27:37+00:00\",\"description\":\"Learn more about our telecommunications and electrical services. We guarantee quality services with specialized electricians!\",\"breadcrumb\":{\"@id\":\"https:\/\/sempravancar.pt\/en\/telecommunications-services-and-electrical\/#breadcrumb\"},\"inLanguage\":\"en-US\",\"potentialAction\":[{\"@type\":\"ReadAction\",\"target\":[\"https:\/\/sempravancar.pt\/en\/telecommunications-services-and-electrical\/\"]}]},{\"@type\":\"BreadcrumbList\",\"@id\":\"https:\/\/sempravancar.pt\/en\/telecommunications-services-and-electrical\/#breadcrumb\",\"itemListElement\":[{\"@type\":\"ListItem\",\"position\":1,\"name\":\"Home\",\"item\":\"https:\/\/sempravancar.pt\/en\/\"},{\"@type\":\"ListItem\",\"position\":2,\"name\":\"Services\"}]},{\"@type\":\"WebSite\",\"@id\":\"https:\/\/sempravancar.pt\/#website\",\"url\":\"https:\/\/sempravancar.pt\/\",\"name\":\"Sempre Avan\u00e7ar\",\"description\":\"Instala\u00e7\u00e3o el\u00e9ctrica\",\"potentialAction\":[{\"@type\":\"SearchAction\",\"target\":{\"@type\":\"EntryPoint\",\"urlTemplate\":\"https:\/\/sempravancar.pt\/?s={search_term_string}\"},\"query-input\":\"required name=search_term_string\"}],\"inLanguage\":\"en-US\"}]}<\/script>\n<!-- \/ Yoast SEO plugin. -->","yoast_head_json":{"title":"Telecommunications services and Electrical - Services - Sempravan\u00e7ar","description":"Learn more about our telecommunications and electrical services. We guarantee quality services with specialized electricians!","robots":{"index":"index","follow":"follow","max-snippet":"max-snippet:-1","max-image-preview":"max-image-preview:large","max-video-preview":"max-video-preview:-1"},"canonical":"https:\/\/sempravancar.pt\/en\/telecommunications-services-and-electrical\/","og_locale":"en_US","og_type":"article","og_title":"Telecommunications services and Electrical - Services - Sempravan\u00e7ar","og_description":"Learn more about our telecommunications and electrical services. We guarantee quality services with specialized electricians!","og_url":"https:\/\/sempravancar.pt\/en\/telecommunications-services-and-electrical\/","og_site_name":"Sempre Avan\u00e7ar","article_modified_time":"2021-07-13T09:27:37+00:00","twitter_card":"summary_large_image","schema":{"@context":"https:\/\/schema.org","@graph":[{"@type":"WebPage","@id":"https:\/\/sempravancar.pt\/en\/telecommunications-services-and-electrical\/","url":"https:\/\/sempravancar.pt\/en\/telecommunications-services-and-electrical\/","name":"Telecommunications services and Electrical - Services - Sempravan\u00e7ar","isPartOf":{"@id":"https:\/\/sempravancar.pt\/#website"},"datePublished":"2019-12-09T09:21:23+00:00","dateModified":"2021-07-13T09:27:37+00:00","description":"Learn more about our telecommunications and electrical services. We guarantee quality services with specialized electricians!","breadcrumb":{"@id":"https:\/\/sempravancar.pt\/en\/telecommunications-services-and-electrical\/#breadcrumb"},"inLanguage":"en-US","potentialAction":[{"@type":"ReadAction","target":["https:\/\/sempravancar.pt\/en\/telecommunications-services-and-electrical\/"]}]},{"@type":"BreadcrumbList","@id":"https:\/\/sempravancar.pt\/en\/telecommunications-services-and-electrical\/#breadcrumb","itemListElement":[{"@type":"ListItem","position":1,"name":"Home","item":"https:\/\/sempravancar.pt\/en\/"},{"@type":"ListItem","position":2,"name":"Services"}]},{"@type":"WebSite","@id":"https:\/\/sempravancar.pt\/#website","url":"https:\/\/sempravancar.pt\/","name":"Sempre Avan\u00e7ar","description":"Instala\u00e7\u00e3o el\u00e9ctrica","potentialAction":[{"@type":"SearchAction","target":{"@type":"EntryPoint","urlTemplate":"https:\/\/sempravancar.pt\/?s={search_term_string}"},"query-input":"required name=search_term_string"}],"inLanguage":"en-US"}]}},"_links":{"self":[{"href":"https:\/\/sempravancar.pt\/en\/wp-json\/wp\/v2\/pages\/2781"}],"collection":[{"href":"https:\/\/sempravancar.pt\/en\/wp-json\/wp\/v2\/pages"}],"about":[{"href":"https:\/\/sempravancar.pt\/en\/wp-json\/wp\/v2\/types\/page"}],"author":[{"embeddable":true,"href":"https:\/\/sempravancar.pt\/en\/wp-json\/wp\/v2\/users\/1"}],"replies":[{"embeddable":true,"href":"https:\/\/sempravancar.pt\/en\/wp-json\/wp\/v2\/comments?post=2781"}],"version-history":[{"count":13,"href":"https:\/\/sempravancar.pt\/en\/wp-json\/wp\/v2\/pages\/2781\/revisions"}],"predecessor-version":[{"id":3298,"href":"https:\/\/sempravancar.pt\/en\/wp-json\/wp\/v2\/pages\/2781\/revisions\/3298"}],"wp:attachment":[{"href":"https:\/\/sempravancar.pt\/en\/wp-json\/wp\/v2\/media?parent=2781"}],"curies":[{"name":"wp","href":"https:\/\/api.w.org\/{rel}","templated":true}]}}