{"id":2843,"date":"2021-03-23T11:56:15","date_gmt":"2021-03-23T11:56:15","guid":{"rendered":"https:\/\/sempravancar.pt\/termos-e-condicoes\/"},"modified":"2021-07-13T11:13:28","modified_gmt":"2021-07-13T11:13:28","slug":"terms-and-conditions","status":"publish","type":"page","link":"https:\/\/sempravancar.pt\/en\/terms-and-conditions\/","title":{"rendered":"Terms and Conditions"},"content":{"rendered":"\t\t<div data-elementor-type=\"wp-page\" data-elementor-id=\"2843\" class=\"elementor elementor-2843 elementor-2589\">\n\t\t\t\t\t\t\t\t\t<section class=\"elementor-section elementor-top-section elementor-element elementor-element-5266fff elementor-section-boxed elementor-section-height-default elementor-section-height-default\" data-id=\"5266fff\" data-element_type=\"section\">\n\t\t\t\t\t\t<div class=\"elementor-container elementor-column-gap-default\">\n\t\t\t\t\t<div class=\"elementor-column elementor-col-100 elementor-top-column elementor-element elementor-element-4d08838\" data-id=\"4d08838\" data-element_type=\"column\">\n\t\t\t<div class=\"elementor-widget-wrap elementor-element-populated\">\n\t\t\t\t\t\t\t\t<div class=\"elementor-element elementor-element-448c2cb elementor-widget elementor-widget-text-editor\" data-id=\"448c2cb\" data-element_type=\"widget\" data-widget_type=\"text-editor.default\">\n\t\t\t\t<div class=\"elementor-widget-container\">\n\t\t\t\t\t\t\t<ol><li><p><strong>General conditions<\/strong><\/p><p>1.1. The company Sempravan\u00e7ar Lda, Headquartered at Canada das Murtas- 31-A4 Azores Park 9500-601- S\u00e3o Roque, legal person n \u00b0 508221765, is responsible for the <a href=\"https:\/\/sempravancar.pt\/\">https:\/\/sempravancar.pt\/<\/a> website (hereinafter \u201cwebsite\u201d).<\/p><p>1.2. The user declares to accept and act in accordance with the Terms and Conditions of use described here, as well as with all future modifications, by using the service provided by Sempravan\u00e7ar Lda. in this website.<\/p><p>1.3 In the terms and conditions mentioned here, whenever the terms &#8220;we&#8221; or &#8220;our&#8221; are used, we refer to Sempravan\u00e7ar Lda or <a href=\"https:\/\/sempravancar.pt\/\">https:\/\/sempravancar.pt\/<\/a> Whenever we use &#8220;you&#8221; or &#8220;yours&#8221;, we refer to anyone using <a href=\"https:\/\/sempravancar.pt\/\">https:\/\/sempravancar.pt\/<\/a><\/p><p>1.4. When accessing and using this website you are subject to the following Terms and Conditions, as well as our Privacy Policy. By browsing the website, the user agrees to comply with these Terms and Conditions and Privacy Policy. If you do not agree with its content, the user is not allowed to access and use the website, and must terminate access and \/ or use immediately.<\/p><p>1.5. The customer should carefully read the Terms and Conditions each time they access the site.<\/p><p>1.6. If you violate any of the terms included here, your right to access and use this website will be terminated immediately.<\/p><p>1.7. The contents of this website are protected by copyright and are the property of Sempravan\u00e7ar Lda. It is not allowed to use it in any way without our consent.<\/p><p><strong>Budget<\/strong><\/p><p>2.1. Any quote sent is valid for 30 days from the date of dispatch, and may be subject to review after that time.<\/p><p>2.2. In the event of an error in the submitted budget, Sempravan\u00e7ar Lda reserves the right, during its validity (30 days), to rectify it.<\/p><p>2.3. Any change at the customer&#8217;s request, service or expense that was not expressed in the initial budget, has an additional cost.<\/p><p><strong>Copyrights, Ownership and Copyright<\/strong><\/p><p>3.1. All the contents of this website, which includes texts, design, illustrations, logos, video, audio, photographs and other elements, are protected by law, under the Copyright and Related Rights Code. It is not permitted to display, reproduce, distribute, modify, transmit or use the contents in any way, for any public or commercial purpose, without our prior and express written consent.<\/p><p>3.2. The contents of this website are protected by Copyright and Related Rights, Industrial Property Rights, by the Computer Crime Law and are property of Sempravan\u00e7ar Lda.<\/p><p>3.3. Copyright in the Work will only be the property of the client, when finalized, approved and paid in full.<\/p><p>3.4. We reserve the right not to provide the customer with the editable files, fonts or other tools and software necessary for the production of the works.<\/p><p>3.5. Sempravan\u00e7ar Lda reserves the right to take legal action against the authors of any unauthorized copy, reproduction, dissemination or commercial exploitation of texts, design, illustrations, logos, video, audio, photographs and other elements, which have not been the subject of transmission owned by the customer.<\/p><p>3.6. The customer is responsible for ensuring that the materials provided by him for the execution of the works do not infringe any third party&#8217;s Copyright or Industrial Property Rights and for any damages caused to Sempravan\u00e7ar Lda, due to their improper use.<\/p><p><strong>Online Dispute Resolution<\/strong><\/p><p>The European Union has created a website to support consumers to submit their complaints about any dispute in which they are involved. In this context, Sempravan\u00e7ar Lda provides all the information so that you can exercise your right of complaint with an official entity, third and impartial to the process, (&#8220;dispute resolution entity&#8221;) that will help you to resolve the dispute in question.<\/p><p>So, if you were dissatisfied with the purchase of a good or service on our website, or with the solution we presented to resolve the situation, you can access this official website <a href=\"https:\/\/ec.europa.eu\/consumers\/odr\/main \/index.cfm?event=main.home2.show&amp;lng=PT\" data-wplink-url-error=\"true\">https:\/\/ec.europa.eu\/consumers\/odr\/main \/index.cfm?event=main.home2.show&amp;lng=PT<\/a> and expose your dispute.<\/p><p>4.1. What is alternative dispute resolution?<\/p><p>Alternative dispute resolution is the possibility that all consumers have at their disposal to appeal and official entities that help them in the resolution, or guidance of any conflict, before opening litigious processes in the Courts.<\/p><p>As a general rule, the procedure is as follows: the client asks an impartial third party to act as an intermediary between you and the trader who is the target of your complaint. The intermediary can suggest a solution to your complaint, impose a solution on both parties or bring the parties together to find a solution.<\/p><p>You may know the concept of alternative dispute resolution by another name: &#8216;mediation&#8217;, &#8216;conciliation&#8217;, &#8216;arbitration&#8217; or &#8216;committee responsible for consumer disputes&#8217;.<\/p><p>Alternative dispute resolution is, as a rule, less expensive, less formal and faster than the judicial process.<\/p><p>Suggestions of Alternative Dispute Resolution Entities:<\/p><p>CNIACC \u2013 Centro Nacional de Informa\u00e7\u00e3o e Arbitragem de Conflitos de Consumo<\/p><p><a href=\"http:\/\/www.arbitragemdeconsumo.org\/\">http:\/\/www.arbitragemdeconsumo.org\/<\/a><\/p><p>\u00a0<\/p><p>Centro de Arbitragem de Conflitos de Consumo de Lisboa<\/p><p><a href=\"http:\/\/www.centroarbitragemlisboa.pt\/\">http:\/\/www.centroarbitragemlisboa.pt\/<\/a><\/p><p>\u00a0<\/p><p>Centro de Arbitragem de Conflitos de Consumo do Vale do Ave\/Tribunal Arbitral<\/p><p><blockquote class=\"wp-embedded-content\" data-secret=\"siChH5XdS7\"><a href=\"https:\/\/www.triave.pt\/\">Home<\/a><\/blockquote><iframe class=\"wp-embedded-content\" sandbox=\"allow-scripts\" security=\"restricted\" style=\"position: absolute; clip: rect(1px, 1px, 1px, 1px);\" title=\"&#8220;Home&#8221; &#8212; TRIAVE\" src=\"https:\/\/www.triave.pt\/embed\/#?secret=siChH5XdS7\" data-secret=\"siChH5XdS7\" width=\"600\" height=\"338\" frameborder=\"0\" marginwidth=\"0\" marginheight=\"0\" scrolling=\"no\"><\/iframe><\/p><p>\u00a0<\/p><p>CIAB \u2013 Centro de Informa\u00e7\u00e3o, Media\u00e7\u00e3o e Arbitragem de Consumo (Tribunal Arbitral de Consumo)<\/p><p><a href=\"http:\/\/www.ciab.pt\/pt\/\">http:\/\/www.ciab.pt\/pt\/<\/a><\/p><p>\u00a0<\/p><p>CIMPAS \u2013 Centro de Informa\u00e7\u00e3o, Media\u00e7\u00e3o e Provedoria de Seguros<\/p><p><a href=\"https:\/\/www.cimpas.pt\/\">https:\/\/www.cimpas.pt\/<\/a><\/p><p>\u00a0<\/p><ol><li><strong>Permitted Use \/ Prohibited Activities<\/strong><\/li><\/ol><p>Only access and use of this website is allowed for personal and non-commercial functions, that is, that the website should only be accessed and used by private individuals or by a company that intends to purchase our services \/ products or company on their behalf.<\/p><p>Any activities that are considered by us to be inappropriate and \/ or that are likely to be illegal under the legislation applicable to this website are prohibited, including, but not limited to:<\/p><p>5.1. Hurt, abuse, defame, threaten or harass another person or company, or in a manner that invades the privacy of others, or that is obscene, offensive, hateful, indecent, inappropriate, objectionable, unacceptable, discriminatory or harmful.<\/p><p>5.2. Actions that may constitute a breach of privacy, such as sending private information to this site without the consent of the affected person or any other legal rights of individuals.<\/p><p>5.3. Send files containing virus to this website that may cause damage to the property of Sempravan\u00e7ar Lda or the property of individuals or modify or reverse engineer any part of the website.<\/p><p>5.4. Use any type of automatic computer code, process, program, robot, internet crawler, spider, data processor, drag or screen scraping alternatives to computer codes, processes, programs or systems.<\/p><p>5.5. The use of the website for illegal purposes or any other purpose that may be considered unworthy of our image is expressly prohibited. Usurpation, counterfeiting, use of usurped or counterfeit content, illegitimate identification and unfair competition are criminally punishable.<\/p><p>\u00a0<\/p><ol start=\"2\"><li><strong>Contents and Warranties<\/strong><\/li><\/ol><p>6.1. The information on this website has been included in good faith and is for general information only, its use being at the sole risk of the user.<\/p><p>6.2. This website and its contents are provided without guarantees of any kind, that is, there is no guarantee that access to this website will be uninterrupted or error-free, free from viruses or other harmful material, or that the information contained on this website are complete, accurate or timely.<\/p><p>6.3. Sempravan\u00e7ar Lda reserves the right to make changes and corrections, suspend or close the website when deemed appropriate and without the need for any prior notice.<\/p><p>6.4. Sempravan\u00e7ar Lda does not previously filter or monitor the content transmitted to this website by third parties and is not responsible for filtering or monitoring any content of this type.<\/p><p>6.5. If notified, Sempravan\u00e7ar Lda may investigate an allegation that the content transmitted to this website is in violation of the Terms and Conditions and may determine whether it will cause the information to be removed from this website.<\/p><p>6.6. Sempravan\u00e7ar Lda assumes no responsibility or liability for any action or content transmitted by or between the user or any third party inside or outside this website.<\/p><p>\u00a0<\/p><ol start=\"3\"><li><strong>Responsibility, Use and Risk<\/strong><\/li><\/ol><p>7.1. The way you use this website and the contents contained therein is entirely at your own risk.<\/p><p>7.2. Sempravan\u00e7ar Lda\u00a0and all its directors, employees and agents, as well as any other party involved in the creation, production, maintenance or implementation of this website, will not be liable to any user of the website, for any possible damage, loss or injury (including any loss of profit and moral, indirect, accidental or consequential loss) arising from the correct or incorrect use of this website and its content, access to the user&#8217;s computer or computer system by third parties, viruses, etc.<\/p><p>This website contains links to third party websites. These links are provided solely for the convenience and accessibility of the user. We do not endorse the content of any of these third-party websites and are not responsible for the content of any of those websites. Accessing and visiting any of these third-party websites is at your own risk.<\/p><p>\u00a0<\/p><ol start=\"4\"><li><strong>Jurisdiction and Applicable Law<\/strong><\/li><\/ol><p>Sempravan\u00e7ar Lda and the user of this website accept, without reservation, that any dispute resulting from the use of this website will be governed by Portuguese law.<\/p><\/li><\/ol>\t\t\t\t\t\t<\/div>\n\t\t\t\t<\/div>\n\t\t\t\t\t<\/div>\n\t\t<\/div>\n\t\t\t\t\t\t\t<\/div>\n\t\t<\/section>\n\t\t\t\t\t\t\t<\/div>\n\t\t","protected":false},"excerpt":{"rendered":"<p>General conditions 1.1. The company Sempravan\u00e7ar Lda, Headquartered at Canada das Murtas- 31-A4 Azores Park 9500-601- S\u00e3o Roque, legal person n \u00b0 508221765, is responsible for the https:\/\/sempravancar.pt\/ website (hereinafter \u201cwebsite\u201d). 1.2. The user declares to accept and act in accordance with the Terms and Conditions of use described here, as well as with all [&hellip;]<\/p>\n","protected":false},"author":1,"featured_media":0,"parent":0,"menu_order":0,"comment_status":"closed","ping_status":"closed","template":"","meta":[],"yoast_head":"<!-- This site is optimized with the Yoast SEO plugin v19.10 - https:\/\/yoast.com\/wordpress\/plugins\/seo\/ -->\n<title>Terms and Conditions - Electrical Services - Sempravan\u00e7ar<\/title>\n<meta name=\"description\" content=\"Read carefully the Terms and Conditions of the use of our website. By accepting it you are consenting to all the conditions presented.\" \/>\n<meta name=\"robots\" content=\"index, follow, max-snippet:-1, max-image-preview:large, max-video-preview:-1\" \/>\n<link rel=\"canonical\" href=\"https:\/\/sempravancar.pt\/en\/terms-and-conditions\/\" \/>\n<meta property=\"og:locale\" content=\"en_US\" \/>\n<meta property=\"og:type\" content=\"article\" \/>\n<meta property=\"og:title\" content=\"Terms and Conditions - Electrical Services - Sempravan\u00e7ar\" \/>\n<meta property=\"og:description\" content=\"Read carefully the Terms and Conditions of the use of our website. By accepting it you are consenting to all the conditions presented.\" \/>\n<meta property=\"og:url\" content=\"https:\/\/sempravancar.pt\/en\/terms-and-conditions\/\" \/>\n<meta property=\"og:site_name\" content=\"Sempre Avan\u00e7ar\" \/>\n<meta property=\"article:modified_time\" content=\"2021-07-13T11:13:28+00:00\" \/>\n<meta name=\"twitter:card\" content=\"summary_large_image\" \/>\n<meta name=\"twitter:label1\" content=\"Est. reading time\" \/>\n\t<meta name=\"twitter:data1\" content=\"7 minutes\" \/>\n<script type=\"application\/ld+json\" class=\"yoast-schema-graph\">{\"@context\":\"https:\/\/schema.org\",\"@graph\":[{\"@type\":\"WebPage\",\"@id\":\"https:\/\/sempravancar.pt\/en\/terms-and-conditions\/\",\"url\":\"https:\/\/sempravancar.pt\/en\/terms-and-conditions\/\",\"name\":\"Terms and Conditions - Electrical Services - Sempravan\u00e7ar\",\"isPartOf\":{\"@id\":\"https:\/\/sempravancar.pt\/#website\"},\"datePublished\":\"2021-03-23T11:56:15+00:00\",\"dateModified\":\"2021-07-13T11:13:28+00:00\",\"description\":\"Read carefully the Terms and Conditions of the use of our website. By accepting it you are consenting to all the conditions presented.\",\"breadcrumb\":{\"@id\":\"https:\/\/sempravancar.pt\/en\/terms-and-conditions\/#breadcrumb\"},\"inLanguage\":\"en-US\",\"potentialAction\":[{\"@type\":\"ReadAction\",\"target\":[\"https:\/\/sempravancar.pt\/en\/terms-and-conditions\/\"]}]},{\"@type\":\"BreadcrumbList\",\"@id\":\"https:\/\/sempravancar.pt\/en\/terms-and-conditions\/#breadcrumb\",\"itemListElement\":[{\"@type\":\"ListItem\",\"position\":1,\"name\":\"Home\",\"item\":\"https:\/\/sempravancar.pt\/en\/\"},{\"@type\":\"ListItem\",\"position\":2,\"name\":\"Terms and Conditions\"}]},{\"@type\":\"WebSite\",\"@id\":\"https:\/\/sempravancar.pt\/#website\",\"url\":\"https:\/\/sempravancar.pt\/\",\"name\":\"Sempre Avan\u00e7ar\",\"description\":\"Instala\u00e7\u00e3o el\u00e9ctrica\",\"potentialAction\":[{\"@type\":\"SearchAction\",\"target\":{\"@type\":\"EntryPoint\",\"urlTemplate\":\"https:\/\/sempravancar.pt\/?s={search_term_string}\"},\"query-input\":\"required name=search_term_string\"}],\"inLanguage\":\"en-US\"}]}<\/script>\n<!-- \/ Yoast SEO plugin. -->","yoast_head_json":{"title":"Terms and Conditions - Electrical Services - Sempravan\u00e7ar","description":"Read carefully the Terms and Conditions of the use of our website. By accepting it you are consenting to all the conditions presented.","robots":{"index":"index","follow":"follow","max-snippet":"max-snippet:-1","max-image-preview":"max-image-preview:large","max-video-preview":"max-video-preview:-1"},"canonical":"https:\/\/sempravancar.pt\/en\/terms-and-conditions\/","og_locale":"en_US","og_type":"article","og_title":"Terms and Conditions - Electrical Services - Sempravan\u00e7ar","og_description":"Read carefully the Terms and Conditions of the use of our website. By accepting it you are consenting to all the conditions presented.","og_url":"https:\/\/sempravancar.pt\/en\/terms-and-conditions\/","og_site_name":"Sempre Avan\u00e7ar","article_modified_time":"2021-07-13T11:13:28+00:00","twitter_card":"summary_large_image","twitter_misc":{"Est. reading time":"7 minutes"},"schema":{"@context":"https:\/\/schema.org","@graph":[{"@type":"WebPage","@id":"https:\/\/sempravancar.pt\/en\/terms-and-conditions\/","url":"https:\/\/sempravancar.pt\/en\/terms-and-conditions\/","name":"Terms and Conditions - Electrical Services - Sempravan\u00e7ar","isPartOf":{"@id":"https:\/\/sempravancar.pt\/#website"},"datePublished":"2021-03-23T11:56:15+00:00","dateModified":"2021-07-13T11:13:28+00:00","description":"Read carefully the Terms and Conditions of the use of our website. By accepting it you are consenting to all the conditions presented.","breadcrumb":{"@id":"https:\/\/sempravancar.pt\/en\/terms-and-conditions\/#breadcrumb"},"inLanguage":"en-US","potentialAction":[{"@type":"ReadAction","target":["https:\/\/sempravancar.pt\/en\/terms-and-conditions\/"]}]},{"@type":"BreadcrumbList","@id":"https:\/\/sempravancar.pt\/en\/terms-and-conditions\/#breadcrumb","itemListElement":[{"@type":"ListItem","position":1,"name":"Home","item":"https:\/\/sempravancar.pt\/en\/"},{"@type":"ListItem","position":2,"name":"Terms and Conditions"}]},{"@type":"WebSite","@id":"https:\/\/sempravancar.pt\/#website","url":"https:\/\/sempravancar.pt\/","name":"Sempre Avan\u00e7ar","description":"Instala\u00e7\u00e3o el\u00e9ctrica","potentialAction":[{"@type":"SearchAction","target":{"@type":"EntryPoint","urlTemplate":"https:\/\/sempravancar.pt\/?s={search_term_string}"},"query-input":"required name=search_term_string"}],"inLanguage":"en-US"}]}},"_links":{"self":[{"href":"https:\/\/sempravancar.pt\/en\/wp-json\/wp\/v2\/pages\/2843"}],"collection":[{"href":"https:\/\/sempravancar.pt\/en\/wp-json\/wp\/v2\/pages"}],"about":[{"href":"https:\/\/sempravancar.pt\/en\/wp-json\/wp\/v2\/types\/page"}],"author":[{"embeddable":true,"href":"https:\/\/sempravancar.pt\/en\/wp-json\/wp\/v2\/users\/1"}],"replies":[{"embeddable":true,"href":"https:\/\/sempravancar.pt\/en\/wp-json\/wp\/v2\/comments?post=2843"}],"version-history":[{"count":12,"href":"https:\/\/sempravancar.pt\/en\/wp-json\/wp\/v2\/pages\/2843\/revisions"}],"predecessor-version":[{"id":3908,"href":"https:\/\/sempravancar.pt\/en\/wp-json\/wp\/v2\/pages\/2843\/revisions\/3908"}],"wp:attachment":[{"href":"https:\/\/sempravancar.pt\/en\/wp-json\/wp\/v2\/media?parent=2843"}],"curies":[{"name":"wp","href":"https:\/\/api.w.org\/{rel}","templated":true}]}}