{"id":3676,"date":"2019-12-09T04:03:08","date_gmt":"2019-12-09T04:03:08","guid":{"rendered":"https:\/\/sempravancar.pt\/home-2\/"},"modified":"2021-07-28T12:27:10","modified_gmt":"2021-07-28T12:27:10","slug":"home-2","status":"publish","type":"page","link":"https:\/\/sempravancar.pt\/en\/","title":{"rendered":"Home"},"content":{"rendered":"\t\t<div data-elementor-type=\"wp-page\" data-elementor-id=\"3676\" class=\"elementor elementor-3676 elementor-1426\">\n\t\t\t\t\t\t\t\t\t<section class=\"elementor-section elementor-top-section elementor-element elementor-element-537ea65 elementor-section-stretched elementor-section-full_width elementor-section-height-default elementor-section-height-default\" data-id=\"537ea65\" data-element_type=\"section\" data-settings=\"{&quot;stretch_section&quot;:&quot;section-stretched&quot;}\">\n\t\t\t\t\t\t<div class=\"elementor-container elementor-column-gap-no\">\n\t\t\t\t\t<div class=\"elementor-column elementor-col-100 elementor-top-column elementor-element elementor-element-bf1e70b\" data-id=\"bf1e70b\" data-element_type=\"column\">\n\t\t\t<div class=\"elementor-widget-wrap elementor-element-populated\">\n\t\t\t\t\t\t\t\t<div class=\"elementor-element elementor-element-c47e609 elementor-aspect-ratio-169 elementor-widget elementor-widget-video\" data-id=\"c47e609\" data-element_type=\"widget\" data-settings=\"{&quot;video_type&quot;:&quot;hosted&quot;,&quot;autoplay&quot;:&quot;yes&quot;,&quot;play_on_mobile&quot;:&quot;yes&quot;,&quot;mute&quot;:&quot;yes&quot;,&quot;loop&quot;:&quot;yes&quot;,&quot;controls&quot;:&quot;yes&quot;,&quot;aspect_ratio&quot;:&quot;169&quot;}\" data-widget_type=\"video.default\">\n\t\t\t\t<div class=\"elementor-widget-container\">\n\t\t\t\t\t<div class=\"e-hosted-video elementor-wrapper elementor-fit-aspect-ratio elementor-open-inline\">\n\t\t\t\t\t<video class=\"elementor-video\" src=\"https:\/\/sempravancar.pt\/wp-content\/uploads\/2021\/07\/Sempravancar-Video-Promocional.mp4\" autoplay=\"\" loop=\"\" controls=\"\" muted=\"muted\" playsinline=\"\" controlsList=\"nodownload\"><\/video>\n\t\t\t\t<\/div>\n\t\t\t\t<\/div>\n\t\t\t\t<\/div>\n\t\t\t\t\t<\/div>\n\t\t<\/div>\n\t\t\t\t\t\t\t<\/div>\n\t\t<\/section>\n\t\t\t\t<section class=\"elementor-section elementor-top-section elementor-element elementor-element-acee1d5 elementor-section-stretched elementor-section-full_width elementor-section-height-default elementor-section-height-default\" data-id=\"acee1d5\" data-element_type=\"section\" data-settings=\"{&quot;stretch_section&quot;:&quot;section-stretched&quot;}\">\n\t\t\t\t\t\t<div class=\"elementor-container elementor-column-gap-no\">\n\t\t\t\t\t<div class=\"elementor-column elementor-col-100 elementor-top-column elementor-element elementor-element-e36c7a2\" data-id=\"e36c7a2\" data-element_type=\"column\">\n\t\t\t<div class=\"elementor-widget-wrap elementor-element-populated\">\n\t\t\t\t\t\t\t\t<div class=\"elementor-element elementor-element-542e5f5 elementor-widget elementor-widget-electrician_about_two\" data-id=\"542e5f5\" data-element_type=\"widget\" data-widget_type=\"electrician_about_two.default\">\n\t\t\t\t<div class=\"elementor-widget-container\">\n\t\t\t \n\t\t<div class=\"section-indent\">\n\t<div class=\"container container-lg-fluid\">\n\t\t<div class=\"layout01 layout01__img-more\">\n\t\t\t<div class=\"layout01__img\">\n\t\t\t\t<div class=\"tt-img-main\">\n\t\t\t<img width=\"2560\" height=\"1707\" src=\"https:\/\/sempravancar.pt\/wp-content\/uploads\/2021\/05\/sempravancar-8-min-scaled.jpg\" class=\"attachment-full size-full\" alt=\"\" decoding=\"async\" loading=\"lazy\" srcset=\"https:\/\/sempravancar.pt\/wp-content\/uploads\/2021\/05\/sempravancar-8-min-scaled.jpg 2560w, https:\/\/sempravancar.pt\/wp-content\/uploads\/2021\/05\/sempravancar-8-min-300x200.jpg 300w, https:\/\/sempravancar.pt\/wp-content\/uploads\/2021\/05\/sempravancar-8-min-1024x683.jpg 1024w, https:\/\/sempravancar.pt\/wp-content\/uploads\/2021\/05\/sempravancar-8-min-768x512.jpg 768w, https:\/\/sempravancar.pt\/wp-content\/uploads\/2021\/05\/sempravancar-8-min-1536x1024.jpg 1536w, https:\/\/sempravancar.pt\/wp-content\/uploads\/2021\/05\/sempravancar-8-min-2048x1365.jpg 2048w, https:\/\/sempravancar.pt\/wp-content\/uploads\/2021\/05\/sempravancar-8-min-737x491.jpg 737w\" sizes=\"(max-width: 2560px) 100vw, 2560px\" \/>\t\t\t\t<\/div>\n\t\t\t\t<div class=\"tt-img-more left-bottom\">\n\t\t\t<img width=\"2560\" height=\"1707\" src=\"https:\/\/sempravancar.pt\/wp-content\/uploads\/2021\/05\/sempravancar-10-min-scaled.jpg\" class=\"attachment-full size-full\" alt=\"\" decoding=\"async\" loading=\"lazy\" srcset=\"https:\/\/sempravancar.pt\/wp-content\/uploads\/2021\/05\/sempravancar-10-min-scaled.jpg 2560w, https:\/\/sempravancar.pt\/wp-content\/uploads\/2021\/05\/sempravancar-10-min-300x200.jpg 300w, https:\/\/sempravancar.pt\/wp-content\/uploads\/2021\/05\/sempravancar-10-min-1024x683.jpg 1024w, https:\/\/sempravancar.pt\/wp-content\/uploads\/2021\/05\/sempravancar-10-min-768x512.jpg 768w, https:\/\/sempravancar.pt\/wp-content\/uploads\/2021\/05\/sempravancar-10-min-1536x1024.jpg 1536w, https:\/\/sempravancar.pt\/wp-content\/uploads\/2021\/05\/sempravancar-10-min-2048x1365.jpg 2048w, https:\/\/sempravancar.pt\/wp-content\/uploads\/2021\/05\/sempravancar-10-min-737x491.jpg 737w\" sizes=\"(max-width: 2560px) 100vw, 2560px\" \/>\t\t\t\t<\/div>\n\t\t\t<\/div>\n\t\t\t<div class=\"layout01__content\">\n\t\t\t\t<div class=\"layout01__content-wrapper\">\n\t\t\t\t\t<div class=\"section-title text-left\">\n\t\t\t\t\t\t<div class=\"section-title__01\">Get to know us<\/div>\n\t\t\t\t\t\t<div class=\"section-title__02\">About us<\/div>\n\t\t\t\t\t<\/div>\n\t\t\t\t\t<p>\n\t\t\tIt all started 13 years ago, in 2005, with only one man and one vehicle. M.Martins, Unipessoal was the small company\u2019s name. \nWe are always ready to innovate.\t\t\t\t\t<\/p>\n\t\t\t\t\t<ul class=\"tt-list01 tt-list-top\">\n\t\t\t<li> Electrical installations - (business residences)  <\/li>\n<li> Telecommunications  <\/li>\n<li> Alarm installation and maintenance   <\/li>\n<li> Maintenance and installation of antennas  <\/li>\n<li> Air conditioner installation and maintenance  <\/li>\n<li>Truck and crane service   <\/li>\n<li>B2B Service    <\/li>\t\t\t\t\t<\/ul>\n\t\t\t\t\t<div class=\"tt-data-info\">\n\t\t\t\t\t\t<div class=\"tt-item\">\n\t\t\t\t\t\t\t<div class=\"personal-box\">\n\t\t\t\t\t\t\t\t<div class=\"personal-box__img\">\n\t\t\t\t\t\t\t\t\t\t\t<\/div>\n\t\t\t\t\t\t\t\t<div class=\"personal-box__content\">\n\t\t\t\t\t\t\t\t\t<div class=\"personal-box__title\">\n\t\t\t\t\t\t\t\t\t\t\t\t<\/div>\n\t\t\t\t\t\t\t\t\t\t\t<\/div>\n\t\t\t\t\t\t\t<\/div>\n\t\t\t\t\t\t<\/div>\n\t\t\t\t\t\t<div class=\"tt-item\">\n\t\t\t\t\t\t\t\t\t<\/div>\n\t\t\t\t\t<\/div>\n\t\t\t\t<\/div>\n\t\t\t<\/div>\n\t\t<\/div>\n\t<\/div>\n<\/div> \n\t\t\t\t\t\t\t<\/div>\n\t\t\t\t<\/div>\n\t\t\t\t<div class=\"elementor-element elementor-element-097d9ac elementor-align-center elementor-widget elementor-widget-button\" data-id=\"097d9ac\" data-element_type=\"widget\" data-widget_type=\"button.default\">\n\t\t\t\t<div class=\"elementor-widget-container\">\n\t\t\t\t\t<div class=\"elementor-button-wrapper\">\n\t\t\t<a href=\"https:\/\/sempravancar.pt\/sobre-nos\/\" class=\"elementor-button-link elementor-button elementor-size-sm\" role=\"button\">\n\t\t\t\t\t\t<span class=\"elementor-button-content-wrapper\">\n\t\t\t\t\t\t\t<span class=\"elementor-button-icon elementor-align-icon-right\">\n\t\t\t\t<i aria-hidden=\"true\" class=\"fas fa-angle-right\"><\/i>\t\t\t<\/span>\n\t\t\t\t\t\t<span class=\"elementor-button-text\">Ler Mais <\/span>\n\t\t<\/span>\n\t\t\t\t\t<\/a>\n\t\t<\/div>\n\t\t\t\t<\/div>\n\t\t\t\t<\/div>\n\t\t\t\t<div class=\"elementor-element elementor-element-73b4de3 elementor-widget elementor-widget-spacer\" data-id=\"73b4de3\" data-element_type=\"widget\" data-widget_type=\"spacer.default\">\n\t\t\t\t<div class=\"elementor-widget-container\">\n\t\t\t\t\t<div class=\"elementor-spacer\">\n\t\t\t<div class=\"elementor-spacer-inner\"><\/div>\n\t\t<\/div>\n\t\t\t\t<\/div>\n\t\t\t\t<\/div>\n\t\t\t\t\t<\/div>\n\t\t<\/div>\n\t\t\t\t\t\t\t<\/div>\n\t\t<\/section>\n\t\t\t\t<section class=\"elementor-section elementor-top-section elementor-element elementor-element-3be6208 elementor-section-stretched elementor-section-full_width elementor-section-height-default elementor-section-height-default\" data-id=\"3be6208\" data-element_type=\"section\" data-settings=\"{&quot;stretch_section&quot;:&quot;section-stretched&quot;}\">\n\t\t\t\t\t\t<div class=\"elementor-container elementor-column-gap-no\">\n\t\t\t\t\t<div class=\"elementor-column elementor-col-100 elementor-top-column elementor-element elementor-element-56884de\" data-id=\"56884de\" data-element_type=\"column\">\n\t\t\t<div class=\"elementor-widget-wrap elementor-element-populated\">\n\t\t\t\t\t\t\t\t<div class=\"elementor-element elementor-element-f7928a7 elementor-widget elementor-widget-heading\" data-id=\"f7928a7\" data-element_type=\"widget\" data-widget_type=\"heading.default\">\n\t\t\t\t<div class=\"elementor-widget-container\">\n\t\t\t<h6 class=\"elementor-heading-title elementor-size-default\">Safety and Efficiency<\/h6>\t\t<\/div>\n\t\t\t\t<\/div>\n\t\t\t\t<div class=\"elementor-element elementor-element-92a8919 elementor-widget elementor-widget-heading\" data-id=\"92a8919\" data-element_type=\"widget\" data-widget_type=\"heading.default\">\n\t\t\t\t<div class=\"elementor-widget-container\">\n\t\t\t<h3 class=\"elementor-heading-title elementor-size-default\">Services<\/h3>\t\t<\/div>\n\t\t\t\t<\/div>\n\t\t\t\t<div class=\"elementor-element elementor-element-e4eed15 elementor-widget elementor-widget-shortcode\" data-id=\"e4eed15\" data-element_type=\"widget\" data-widget_type=\"shortcode.default\">\n\t\t\t\t<div class=\"elementor-widget-container\">\n\t\t\t\t\t<div class=\"elementor-shortcode\"><div id=\"pts_slideshowelectrician_services\" class=\"slider pts_slideshowelectrician_services\"><div class=\"eachslider_bx\"><img decoding=\"async\" src=\"https:\/\/sempravancar.pt\/wp-content\/uploads\/2017\/06\/img-service-commercial-847x481.jpg\" alt=\"Electrical installations &#8211; (business residences)\" class=\"bx_image\" style=\"width:100%;\"><h4 class=\"bx_title\">Electrical installations &#8211; (business residences)<\/h4><a href=\"https:\/\/sempravancar.pt\/en\/electrician_services\/instalacoes-eletricas-residenciais-e-empresariais\/\"class=\"read_more_bx\">Read More<\/a><\/div><div class=\"eachslider_bx\"><img decoding=\"async\" src=\"https:\/\/sempravancar.pt\/wp-content\/uploads\/2017\/06\/sempravancar-38-min-737x491.jpg\" alt=\"Telecommunications\" class=\"bx_image\" style=\"width:100%;\"><h4 class=\"bx_title\">Telecommunications<\/h4><a href=\"https:\/\/sempravancar.pt\/en\/electrician_services\/telecomunicacoes\/\"class=\"read_more_bx\">Read More<\/a><\/div><div class=\"eachslider_bx\"><img decoding=\"async\" src=\"https:\/\/sempravancar.pt\/wp-content\/uploads\/2017\/06\/sempravancar-67-min-737x491.jpg\" alt=\"Alarm installation and maintenance\" class=\"bx_image\" style=\"width:100%;\"><h4 class=\"bx_title\">Alarm installation and maintenance<\/h4><a href=\"https:\/\/sempravancar.pt\/en\/electrician_services\/instalacao-e-manutencao-de-alarmes\/\"class=\"read_more_bx\">Read More<\/a><\/div><div class=\"eachslider_bx\"><img decoding=\"async\" src=\"https:\/\/sempravancar.pt\/wp-content\/uploads\/2017\/06\/12375099_997608373630809_8212090915813785202_o-655x491.jpg\" alt=\"Maintenance and installation of antennas\" class=\"bx_image\" style=\"width:100%;\"><h4 class=\"bx_title\">Maintenance and installation of antennas<\/h4><a href=\"https:\/\/sempravancar.pt\/en\/electrician_services\/manutencao-e-instalacao-de-antenas\/\"class=\"read_more_bx\">Read More<\/a><\/div><div class=\"eachslider_bx\"><img decoding=\"async\" src=\"https:\/\/sempravancar.pt\/wp-content\/uploads\/2017\/06\/sempravancar-59-min-737x491.jpg\" alt=\"Air conditioner installation and maintenance\" class=\"bx_image\" style=\"width:100%;\"><h4 class=\"bx_title\">Air conditioner installation and maintenance<\/h4><a href=\"https:\/\/sempravancar.pt\/en\/electrician_services\/montagem-e-manutencao-de-ar-condicionado\/\"class=\"read_more_bx\">Read More<\/a><\/div><div class=\"eachslider_bx\"><img decoding=\"async\" src=\"https:\/\/sempravancar.pt\/wp-content\/uploads\/2017\/06\/sempravancar-62-min-737x491.jpg\" alt=\"Truck and crane service\" class=\"bx_image\" style=\"width:100%;\"><h4 class=\"bx_title\">Truck and crane service<\/h4><a href=\"https:\/\/sempravancar.pt\/en\/electrician_services\/servico-de-camiao-e-grua\/\"class=\"read_more_bx\">Read More<\/a><\/div><div class=\"eachslider_bx\"><img decoding=\"async\" src=\"https:\/\/sempravancar.pt\/wp-content\/uploads\/2017\/06\/sempravancar-72-min-737x491.jpg\" alt=\"CCTV Systems\" class=\"bx_image\" style=\"width:100%;\"><h4 class=\"bx_title\">CCTV Systems<\/h4><a href=\"https:\/\/sempravancar.pt\/en\/electrician_services\/servico-de-camiao-e-grua-sistema-cctv\/\"class=\"read_more_bx\">Read More<\/a><\/div><\/div><\/div>\n\t\t\t\t<\/div>\n\t\t\t\t<\/div>\n\t\t\t\t\t<\/div>\n\t\t<\/div>\n\t\t\t\t\t\t\t<\/div>\n\t\t<\/section>\n\t\t\t\t<section class=\"elementor-section elementor-top-section elementor-element elementor-element-a6e8e8f elementor-section-boxed elementor-section-height-default elementor-section-height-default\" data-id=\"a6e8e8f\" data-element_type=\"section\">\n\t\t\t\t\t\t<div class=\"elementor-container elementor-column-gap-default\">\n\t\t\t\t\t<div class=\"elementor-column elementor-col-100 elementor-top-column elementor-element elementor-element-000bfec\" data-id=\"000bfec\" data-element_type=\"column\">\n\t\t\t<div class=\"elementor-widget-wrap elementor-element-populated\">\n\t\t\t\t\t\t\t\t<div class=\"elementor-element elementor-element-71f9d16 elementor-widget elementor-widget-spacer\" data-id=\"71f9d16\" data-element_type=\"widget\" data-widget_type=\"spacer.default\">\n\t\t\t\t<div class=\"elementor-widget-container\">\n\t\t\t\t\t<div class=\"elementor-spacer\">\n\t\t\t<div class=\"elementor-spacer-inner\"><\/div>\n\t\t<\/div>\n\t\t\t\t<\/div>\n\t\t\t\t<\/div>\n\t\t\t\t<div class=\"elementor-element elementor-element-39104f3 elementor-widget elementor-widget-heading\" data-id=\"39104f3\" data-element_type=\"widget\" data-widget_type=\"heading.default\">\n\t\t\t\t<div class=\"elementor-widget-container\">\n\t\t\t<h6 class=\"elementor-heading-title elementor-size-default\">Projects<\/h6>\t\t<\/div>\n\t\t\t\t<\/div>\n\t\t\t\t\t<\/div>\n\t\t<\/div>\n\t\t\t\t\t\t\t<\/div>\n\t\t<\/section>\n\t\t\t\t<section class=\"elementor-section elementor-top-section elementor-element elementor-element-7ce4c68 elementor-section-boxed elementor-section-height-default elementor-section-height-default\" data-id=\"7ce4c68\" data-element_type=\"section\">\n\t\t\t\t\t\t<div class=\"elementor-container elementor-column-gap-default\">\n\t\t\t\t\t<div class=\"elementor-column elementor-col-100 elementor-top-column elementor-element elementor-element-6d49465\" data-id=\"6d49465\" data-element_type=\"column\">\n\t\t\t<div class=\"elementor-widget-wrap elementor-element-populated\">\n\t\t\t\t\t\t\t\t<div class=\"elementor-element elementor-element-e5aaa3e elementor-widget elementor-widget-heading\" data-id=\"e5aaa3e\" data-element_type=\"widget\" data-widget_type=\"heading.default\">\n\t\t\t\t<div class=\"elementor-widget-container\">\n\t\t\t<h3 class=\"elementor-heading-title elementor-size-default\">Accomplished<\/h3>\t\t<\/div>\n\t\t\t\t<\/div>\n\t\t\t\t\t<\/div>\n\t\t<\/div>\n\t\t\t\t\t\t\t<\/div>\n\t\t<\/section>\n\t\t\t\t\t\t\t<\/div>\n\t\t","protected":false},"excerpt":{"rendered":"<p>https:\/\/sempravancar.pt\/wp-content\/uploads\/2021\/07\/Sempravancar-Video-Promocional.mp4 Get to know us About us It all started 13 years ago, in 2005, with only one man and one vehicle. M.Martins, Unipessoal was the small company\u2019s name. We are always ready to innovate. Electrical installations &#8211; (business residences) Telecommunications Alarm installation and maintenance Maintenance and installation of antennas Air conditioner installation and maintenance [&hellip;]<\/p>\n","protected":false},"author":1,"featured_media":0,"parent":0,"menu_order":0,"comment_status":"closed","ping_status":"closed","template":"template-home.php","meta":[],"yoast_head":"<!-- This site is optimized with the Yoast SEO plugin v19.10 - https:\/\/yoast.com\/wordpress\/plugins\/seo\/ -->\n<title>Electrical Services and Telecommunications - Sempravan\u00e7ar<\/title>\n<meta name=\"description\" content=\"We are an Electricity and Telecommunications Company in the Azores. We provide different electrical services and more, contact us!\" \/>\n<meta name=\"robots\" content=\"index, follow, max-snippet:-1, max-image-preview:large, max-video-preview:-1\" \/>\n<link rel=\"canonical\" href=\"https:\/\/sempravancar.pt\/en\/\" \/>\n<meta property=\"og:locale\" content=\"en_US\" \/>\n<meta property=\"og:type\" content=\"article\" \/>\n<meta property=\"og:title\" content=\"Electrical Services and Telecommunications - Sempravan\u00e7ar\" \/>\n<meta property=\"og:description\" content=\"We are an Electricity and Telecommunications Company in the Azores. We provide different electrical services and more, contact us!\" \/>\n<meta property=\"og:url\" content=\"https:\/\/sempravancar.pt\/en\/\" \/>\n<meta property=\"og:site_name\" content=\"Sempre Avan\u00e7ar\" \/>\n<meta property=\"article:modified_time\" content=\"2021-07-28T12:27:10+00:00\" \/>\n<meta property=\"og:image\" content=\"https:\/\/sempravancar.pt\/wp-content\/uploads\/2021\/05\/sempravancar-8-min-scaled.jpg\" \/>\n<meta name=\"twitter:card\" content=\"summary_large_image\" \/>\n<meta name=\"twitter:label1\" content=\"Est. reading time\" \/>\n\t<meta name=\"twitter:data1\" content=\"3 minutes\" \/>\n<script type=\"application\/ld+json\" class=\"yoast-schema-graph\">{\"@context\":\"https:\/\/schema.org\",\"@graph\":[{\"@type\":\"WebPage\",\"@id\":\"https:\/\/sempravancar.pt\/en\/\",\"url\":\"https:\/\/sempravancar.pt\/en\/\",\"name\":\"Electrical Services and Telecommunications - Sempravan\u00e7ar\",\"isPartOf\":{\"@id\":\"https:\/\/sempravancar.pt\/#website\"},\"datePublished\":\"2019-12-09T04:03:08+00:00\",\"dateModified\":\"2021-07-28T12:27:10+00:00\",\"description\":\"We are an Electricity and Telecommunications Company in the Azores. We provide different electrical services and more, contact us!\",\"breadcrumb\":{\"@id\":\"https:\/\/sempravancar.pt\/en\/#breadcrumb\"},\"inLanguage\":\"en-US\",\"potentialAction\":[{\"@type\":\"ReadAction\",\"target\":[\"https:\/\/sempravancar.pt\/en\/\"]}]},{\"@type\":\"BreadcrumbList\",\"@id\":\"https:\/\/sempravancar.pt\/en\/#breadcrumb\",\"itemListElement\":[{\"@type\":\"ListItem\",\"position\":1,\"name\":\"Home\",\"item\":\"https:\/\/sempravancar.pt\/en\/\"},{\"@type\":\"ListItem\",\"position\":2,\"name\":\"Home\"}]},{\"@type\":\"WebSite\",\"@id\":\"https:\/\/sempravancar.pt\/#website\",\"url\":\"https:\/\/sempravancar.pt\/\",\"name\":\"Sempre Avan\u00e7ar\",\"description\":\"Instala\u00e7\u00e3o el\u00e9ctrica\",\"potentialAction\":[{\"@type\":\"SearchAction\",\"target\":{\"@type\":\"EntryPoint\",\"urlTemplate\":\"https:\/\/sempravancar.pt\/?s={search_term_string}\"},\"query-input\":\"required name=search_term_string\"}],\"inLanguage\":\"en-US\"}]}<\/script>\n<!-- \/ Yoast SEO plugin. -->","yoast_head_json":{"title":"Electrical Services and Telecommunications - Sempravan\u00e7ar","description":"We are an Electricity and Telecommunications Company in the Azores. We provide different electrical services and more, contact us!","robots":{"index":"index","follow":"follow","max-snippet":"max-snippet:-1","max-image-preview":"max-image-preview:large","max-video-preview":"max-video-preview:-1"},"canonical":"https:\/\/sempravancar.pt\/en\/","og_locale":"en_US","og_type":"article","og_title":"Electrical Services and Telecommunications - Sempravan\u00e7ar","og_description":"We are an Electricity and Telecommunications Company in the Azores. We provide different electrical services and more, contact us!","og_url":"https:\/\/sempravancar.pt\/en\/","og_site_name":"Sempre Avan\u00e7ar","article_modified_time":"2021-07-28T12:27:10+00:00","og_image":[{"url":"https:\/\/sempravancar.pt\/wp-content\/uploads\/2021\/05\/sempravancar-8-min-scaled.jpg"}],"twitter_card":"summary_large_image","twitter_misc":{"Est. reading time":"3 minutes"},"schema":{"@context":"https:\/\/schema.org","@graph":[{"@type":"WebPage","@id":"https:\/\/sempravancar.pt\/en\/","url":"https:\/\/sempravancar.pt\/en\/","name":"Electrical Services and Telecommunications - Sempravan\u00e7ar","isPartOf":{"@id":"https:\/\/sempravancar.pt\/#website"},"datePublished":"2019-12-09T04:03:08+00:00","dateModified":"2021-07-28T12:27:10+00:00","description":"We are an Electricity and Telecommunications Company in the Azores. We provide different electrical services and more, contact us!","breadcrumb":{"@id":"https:\/\/sempravancar.pt\/en\/#breadcrumb"},"inLanguage":"en-US","potentialAction":[{"@type":"ReadAction","target":["https:\/\/sempravancar.pt\/en\/"]}]},{"@type":"BreadcrumbList","@id":"https:\/\/sempravancar.pt\/en\/#breadcrumb","itemListElement":[{"@type":"ListItem","position":1,"name":"Home","item":"https:\/\/sempravancar.pt\/en\/"},{"@type":"ListItem","position":2,"name":"Home"}]},{"@type":"WebSite","@id":"https:\/\/sempravancar.pt\/#website","url":"https:\/\/sempravancar.pt\/","name":"Sempre Avan\u00e7ar","description":"Instala\u00e7\u00e3o el\u00e9ctrica","potentialAction":[{"@type":"SearchAction","target":{"@type":"EntryPoint","urlTemplate":"https:\/\/sempravancar.pt\/?s={search_term_string}"},"query-input":"required name=search_term_string"}],"inLanguage":"en-US"}]}},"_links":{"self":[{"href":"https:\/\/sempravancar.pt\/en\/wp-json\/wp\/v2\/pages\/3676"}],"collection":[{"href":"https:\/\/sempravancar.pt\/en\/wp-json\/wp\/v2\/pages"}],"about":[{"href":"https:\/\/sempravancar.pt\/en\/wp-json\/wp\/v2\/types\/page"}],"author":[{"embeddable":true,"href":"https:\/\/sempravancar.pt\/en\/wp-json\/wp\/v2\/users\/1"}],"replies":[{"embeddable":true,"href":"https:\/\/sempravancar.pt\/en\/wp-json\/wp\/v2\/comments?post=3676"}],"version-history":[{"count":16,"href":"https:\/\/sempravancar.pt\/en\/wp-json\/wp\/v2\/pages\/3676\/revisions"}],"predecessor-version":[{"id":4183,"href":"https:\/\/sempravancar.pt\/en\/wp-json\/wp\/v2\/pages\/3676\/revisions\/4183"}],"wp:attachment":[{"href":"https:\/\/sempravancar.pt\/en\/wp-json\/wp\/v2\/media?parent=3676"}],"curies":[{"name":"wp","href":"https:\/\/api.w.org\/{rel}","templated":true}]}}